{"id":4893,"date":"2024-12-05T10:26:12","date_gmt":"2024-12-05T09:26:12","guid":{"rendered":"https:\/\/www.passiondutapis.com\/?post_type=product&#038;p=4893"},"modified":"2024-12-05T10:27:44","modified_gmt":"2024-12-05T09:27:44","slug":"infini-anthracite","status":"publish","type":"product","link":"https:\/\/www.passiondutapis.com\/en\/product\/infini-anthracite\/","title":{"rendered":"Infini Anthracite"},"content":{"rendered":"","protected":false},"excerpt":{"rendered":"<h3><span style=\"font-family: helvetica, arial, sans-serif;\">INFINI ANTHRACITE<\/span><\/h3>\n<p><strong><img decoding=\"async\" class=\"alignnone size-full wp-image-4459\" src=\"https:\/\/www.passiondutapis.com\/wp-content\/uploads\/2024\/07\/composition.png\" alt=\"\" width=\"58\" height=\"58\" \/><br \/>\nDescription<br \/>\n<\/strong>Tapis tiss\u00e9 main, soie v\u00e9g\u00e9tale et laine<\/p>\n<p>&nbsp;<\/p>\n<p><img decoding=\"async\" class=\"alignnone size-full wp-image-4458\" src=\"https:\/\/www.passiondutapis.com\/wp-content\/uploads\/2024\/07\/poids.png\" alt=\"\" width=\"58\" height=\"58\" \/><br \/>\n<strong>Weight<br \/>\n<\/strong>4 kg \/ m2<\/p>\n<p>&nbsp;<\/p>\n<p><strong><img decoding=\"async\" class=\"alignnone size-full wp-image-4454\" src=\"https:\/\/www.passiondutapis.com\/wp-content\/uploads\/2024\/07\/dimensions.png\" alt=\"\" width=\"58\" height=\"58\" \/><br \/>\nSize<br \/>\n<\/strong>170 x 240, 200 x 300 et 240 x 300 cm<\/p>\n<p>&nbsp;<\/p>\n<p><img loading=\"lazy\" decoding=\"async\" class=\"alignnone size-full wp-image-4455\" src=\"https:\/\/www.passiondutapis.com\/wp-content\/uploads\/2024\/07\/ciseaux.png\" alt=\"\" width=\"58\" height=\"58\" \/><br \/>\nPossibility of making custom<\/p>","protected":false},"featured_media":4894,"template":"","meta":{"_acf_changed":false},"product_cat":[38],"product_tag":[],"class_list":{"0":"post-4893","1":"product","2":"type-product","3":"status-publish","4":"has-post-thumbnail","6":"product_cat-tapis-tisses","8":"first","9":"instock","10":"shipping-taxable","11":"product-type-simple"},"acf":[],"aioseo_notices":[],"_links":{"self":[{"href":"https:\/\/www.passiondutapis.com\/en\/wp-json\/wp\/v2\/product\/4893","targetHints":{"allow":["GET"]}}],"collection":[{"href":"https:\/\/www.passiondutapis.com\/en\/wp-json\/wp\/v2\/product"}],"about":[{"href":"https:\/\/www.passiondutapis.com\/en\/wp-json\/wp\/v2\/types\/product"}],"wp:featuredmedia":[{"embeddable":true,"href":"https:\/\/www.passiondutapis.com\/en\/wp-json\/wp\/v2\/media\/4894"}],"wp:attachment":[{"href":"https:\/\/www.passiondutapis.com\/en\/wp-json\/wp\/v2\/media?parent=4893"}],"wp:term":[{"taxonomy":"product_cat","embeddable":true,"href":"https:\/\/www.passiondutapis.com\/en\/wp-json\/wp\/v2\/product_cat?post=4893"},{"taxonomy":"product_tag","embeddable":true,"href":"https:\/\/www.passiondutapis.com\/en\/wp-json\/wp\/v2\/product_tag?post=4893"}],"curies":[{"name":"wp","href":"https:\/\/api.w.org\/{rel}","templated":true}]}}