{"id":3361,"date":"2021-06-24T13:37:29","date_gmt":"2021-06-24T13:37:29","guid":{"rendered":"https:\/\/promo-theme.com\/novo\/?page_id=3361"},"modified":"2026-01-05T10:35:37","modified_gmt":"2026-01-05T09:35:37","slug":"tapis-artisanal-contemporain","status":"publish","type":"page","link":"https:\/\/www.passiondutapis.com\/en\/tapis-artisanal-contemporain\/","title":{"rendered":"Passion du tapis"},"content":{"rendered":"<div data-elementor-type=\"wp-page\" data-elementor-id=\"3361\" class=\"elementor elementor-3361\">\n\t\t\t\t\t\t<section class=\"elementor-section elementor-top-section elementor-element elementor-element-2edb5abe elementor-hidden-tablet elementor-hidden-mobile elementor-section-boxed elementor-section-height-default elementor-section-height-default\" data-id=\"2edb5abe\" data-element_type=\"section\">\n\t\t\t\t\t\t<div class=\"elementor-container elementor-column-gap-default\">\n\t\t\t\t\t<div class=\"elementor-column elementor-col-50 elementor-top-column elementor-element elementor-element-4ffb4c94\" data-id=\"4ffb4c94\" data-element_type=\"column\" data-settings=\"{&quot;background_background&quot;:&quot;classic&quot;}\">\n\t\t\t<div class=\"elementor-widget-wrap elementor-element-populated\">\n\t\t\t\t\t\t<div class=\"elementor-element elementor-element-5693df82 elementor-widget elementor-widget-spacer\" data-id=\"5693df82\" data-element_type=\"widget\" data-widget_type=\"spacer.default\">\n\t\t\t\t<div class=\"elementor-widget-container\">\n\t\t\t\t\t\t\t<div class=\"elementor-spacer\">\n\t\t\t<div class=\"elementor-spacer-inner\"><\/div>\n\t\t<\/div>\n\t\t\t\t\t\t<\/div>\n\t\t\t\t<\/div>\n\t\t\t\t\t<\/div>\n\t\t<\/div>\n\t\t\t\t<div class=\"elementor-column elementor-col-50 elementor-top-column elementor-element elementor-element-1dff58cc\" data-id=\"1dff58cc\" data-element_type=\"column\" data-settings=\"{&quot;background_background&quot;:&quot;classic&quot;}\">\n\t\t\t<div class=\"elementor-widget-wrap elementor-element-populated\">\n\t\t\t\t\t\t<div class=\"elementor-element elementor-element-737ed5b5 elementor-widget elementor-widget-yprm_heading\" data-id=\"737ed5b5\" data-element_type=\"widget\" data-widget_type=\"yprm_heading.default\">\n\t\t\t\t<div class=\"elementor-widget-container\">\n\t\t\t\t\t\t\t\t<div class=\"heading-block with-line\">\n\t\t\t\t                  <h3 class=\"h\"><span>Passion du Tapis<\/span><\/h3>\n        \t\t\t<\/div>\n      \t\t\t\t\t\t<\/div>\n\t\t\t\t<\/div>\n\t\t\t\t<div class=\"elementor-element elementor-element-7542b32b elementor-widget elementor-widget-text-editor\" data-id=\"7542b32b\" data-element_type=\"widget\" data-widget_type=\"text-editor.default\">\n\t\t\t\t<div class=\"elementor-widget-container\">\n\t\t\t\t\t\t\t\t\t<p>Passion du Tapis is a creator of contemporary designer carpets made in India. <br>Passion du Tapis guarantees you a very good price and a selection of original carpets that are unique and premium quality. We ensure timely deliveries without forgetting the best after-sales service. <br>En France, ilker est pr\u00e9sent pour vous proposer notre collection et \u00e9couter vos attentes; Nous proc\u00e9dons en France \u00e0 la cr\u00e9ation de tous nos designs pour nos tapis. Atul, de son cot\u00e9 en Inde, contr\u00f4le la fabrication, la finition et l&#8217;exp\u00e9dition avec notre \u00e9quipe comp\u00e9tente.<\/p>\t\t\t\t\t\t\t\t<\/div>\n\t\t\t\t<\/div>\n\t\t\t\t<div class=\"elementor-element elementor-element-9ba0aed elementor-widget elementor-widget-yprm_button\" data-id=\"9ba0aed\" data-element_type=\"widget\" data-widget_type=\"yprm_button.default\">\n\t\t\t\t<div class=\"elementor-widget-container\">\n\t\t\t\t\t\r\n\t\t<div class=\"button-container\">\r\n\t\t\t<a class=\"button-elementor button-style2\" href=\"https:\/\/www.passiondutapis.com\/catalogue-passion\/\" target=\"_self\">\r\n\t\t\t\t\t\t\t\t<span>Consulter le catalogue 2026<\/span>\r\n\t\t\t\t\t\t\t<\/a>\r\n\t\t<\/div>\r\n\r\n\t\t\t\t\t\t<\/div>\n\t\t\t\t<\/div>\n\t\t\t\t\t<\/div>\n\t\t<\/div>\n\t\t\t\t\t<\/div>\n\t\t<\/section>\n\t\t\t\t<section class=\"elementor-section elementor-top-section elementor-element elementor-element-8b45060 elementor-hidden-desktop elementor-section-boxed elementor-section-height-default elementor-section-height-default\" data-id=\"8b45060\" data-element_type=\"section\">\n\t\t\t\t\t\t<div class=\"elementor-container elementor-column-gap-default\">\n\t\t\t\t\t<div class=\"elementor-column elementor-col-50 elementor-top-column elementor-element elementor-element-7848018\" data-id=\"7848018\" data-element_type=\"column\" data-settings=\"{&quot;background_background&quot;:&quot;classic&quot;}\">\n\t\t\t<div class=\"elementor-widget-wrap elementor-element-populated\">\n\t\t\t\t\t\t<div class=\"elementor-element elementor-element-db210a5 elementor-widget elementor-widget-spacer\" data-id=\"db210a5\" data-element_type=\"widget\" data-widget_type=\"spacer.default\">\n\t\t\t\t<div class=\"elementor-widget-container\">\n\t\t\t\t\t\t\t<div class=\"elementor-spacer\">\n\t\t\t<div class=\"elementor-spacer-inner\"><\/div>\n\t\t<\/div>\n\t\t\t\t\t\t<\/div>\n\t\t\t\t<\/div>\n\t\t\t\t\t<\/div>\n\t\t<\/div>\n\t\t\t\t<div class=\"elementor-column elementor-col-50 elementor-top-column elementor-element elementor-element-ed8c149\" data-id=\"ed8c149\" data-element_type=\"column\" data-settings=\"{&quot;background_background&quot;:&quot;classic&quot;}\">\n\t\t\t<div class=\"elementor-widget-wrap elementor-element-populated\">\n\t\t\t\t\t\t<div class=\"elementor-element elementor-element-e7a4d5a elementor-widget elementor-widget-yprm_heading\" data-id=\"e7a4d5a\" data-element_type=\"widget\" data-widget_type=\"yprm_heading.default\">\n\t\t\t\t<div class=\"elementor-widget-container\">\n\t\t\t\t\t\t\t\t<div class=\"heading-block with-line\">\n\t\t\t\t                  <h3 class=\"h\"><span>Passion du Tapis<\/span><\/h3>\n        \t\t\t<\/div>\n      \t\t\t\t\t\t<\/div>\n\t\t\t\t<\/div>\n\t\t\t\t<div class=\"elementor-element elementor-element-73d404f elementor-widget elementor-widget-text-editor\" data-id=\"73d404f\" data-element_type=\"widget\" data-widget_type=\"text-editor.default\">\n\t\t\t\t<div class=\"elementor-widget-container\">\n\t\t\t\t\t\t\t\t\t<p>Passion du Tapis is a creator of contemporary designer carpets made in India. <br>Passion du Tapis guarantees you a very good price and a selection of original carpets that are unique and premium quality. We ensure timely deliveries without forgetting the best after-sales service. <br>En France, ilker est pr\u00e9sent pour vous proposer notre collection et \u00e9couter vos attentes; Nous proc\u00e9dons en France \u00e0 la cr\u00e9ation de tous nos designs pour nos tapis. Atul, de son cot\u00e9 en Inde, contr\u00f4le la fabrication, la finition et l&#8217;exp\u00e9dition avec notre \u00e9quipe comp\u00e9tente.<\/p>\t\t\t\t\t\t\t\t<\/div>\n\t\t\t\t<\/div>\n\t\t\t\t<div class=\"elementor-element elementor-element-ba50d65 elementor-widget elementor-widget-yprm_button\" data-id=\"ba50d65\" data-element_type=\"widget\" data-widget_type=\"yprm_button.default\">\n\t\t\t\t<div class=\"elementor-widget-container\">\n\t\t\t\t\t\r\n\t\t<div class=\"button-container\">\r\n\t\t\t<a class=\"button-elementor button-style2\" href=\"https:\/\/networksconsulting.fr\/extras\/passion-catalogue\/\" target=\"_self\">\r\n\t\t\t\t\t\t\t\t<span>Consult the 2025 catalog<\/span>\r\n\t\t\t\t\t\t\t<\/a>\r\n\t\t<\/div>\r\n\r\n\t\t\t\t\t\t<\/div>\n\t\t\t\t<\/div>\n\t\t\t\t\t<\/div>\n\t\t<\/div>\n\t\t\t\t\t<\/div>\n\t\t<\/section>\n\t\t\t\t<section class=\"elementor-section elementor-top-section elementor-element elementor-element-329a8bc elementor-reverse-tablet elementor-reverse-mobile elementor-section-boxed elementor-section-height-default elementor-section-height-default\" data-id=\"329a8bc\" data-element_type=\"section\">\n\t\t\t\t\t\t<div class=\"elementor-container elementor-column-gap-default\">\n\t\t\t\t\t<div class=\"elementor-column elementor-col-50 elementor-top-column elementor-element elementor-element-0f8e0b5\" data-id=\"0f8e0b5\" data-element_type=\"column\" data-settings=\"{&quot;background_background&quot;:&quot;classic&quot;}\">\n\t\t\t<div class=\"elementor-widget-wrap elementor-element-populated\">\n\t\t\t\t\t\t<div class=\"elementor-element elementor-element-96e0342 elementor-widget elementor-widget-video\" data-id=\"96e0342\" data-element_type=\"widget\" data-settings=\"{&quot;youtube_url&quot;:&quot;https:\\\/\\\/www.youtube.com\\\/watch?v=TrfWG6HjBA8&quot;,&quot;video_type&quot;:&quot;youtube&quot;,&quot;controls&quot;:&quot;yes&quot;}\" data-widget_type=\"video.default\">\n\t\t\t\t<div class=\"elementor-widget-container\">\n\t\t\t\t\t\t\t<div class=\"elementor-wrapper elementor-open-inline\">\n\t\t\t<div class=\"elementor-video\"><\/div>\t\t<\/div>\n\t\t\t\t\t\t<\/div>\n\t\t\t\t<\/div>\n\t\t\t\t\t<\/div>\n\t\t<\/div>\n\t\t\t\t<div class=\"elementor-column elementor-col-50 elementor-top-column elementor-element elementor-element-0926d8f\" data-id=\"0926d8f\" data-element_type=\"column\" data-settings=\"{&quot;background_background&quot;:&quot;classic&quot;}\">\n\t\t\t<div class=\"elementor-widget-wrap elementor-element-populated\">\n\t\t\t\t\t\t<div class=\"elementor-element elementor-element-f793f10 elementor-widget elementor-widget-yprm_heading\" data-id=\"f793f10\" data-element_type=\"widget\" data-widget_type=\"yprm_heading.default\">\n\t\t\t\t<div class=\"elementor-widget-container\">\n\t\t\t\t\t\t\t\t<div class=\"heading-block tac\">\n\t\t\t\t                  <h3 class=\"h\">Making of <span>carpets<\/span><\/h3>\n        \t\t\t<\/div>\n      \t\t\t\t\t\t<\/div>\n\t\t\t\t<\/div>\n\t\t\t\t\t<\/div>\n\t\t<\/div>\n\t\t\t\t\t<\/div>\n\t\t<\/section>\n\t\t\t\t<section class=\"elementor-section elementor-top-section elementor-element elementor-element-480061e elementor-section-boxed elementor-section-height-default elementor-section-height-default\" data-id=\"480061e\" data-element_type=\"section\">\n\t\t\t\t\t\t<div class=\"elementor-container elementor-column-gap-default\">\n\t\t\t\t\t<div class=\"elementor-column elementor-col-100 elementor-top-column elementor-element elementor-element-31b83f4\" data-id=\"31b83f4\" data-element_type=\"column\" data-settings=\"{&quot;background_background&quot;:&quot;classic&quot;}\">\n\t\t\t<div class=\"elementor-widget-wrap elementor-element-populated\">\n\t\t\t\t\t\t<div class=\"elementor-element elementor-element-70d127f elementor-widget elementor-widget-yprm_heading\" data-id=\"70d127f\" data-element_type=\"widget\" data-widget_type=\"yprm_heading.default\">\n\t\t\t\t<div class=\"elementor-widget-container\">\n\t\t\t\t\t\t\t\t<div class=\"heading-block with-line\">\n\t\t\t\t                  <h3 class=\"h\">Maintenance <span>of carpets<\/span><\/h3>\n        \t\t\t<\/div>\n      \t\t\t\t\t\t<\/div>\n\t\t\t\t<\/div>\n\t\t\t\t<div class=\"elementor-element elementor-element-436dd00 elementor-widget elementor-widget-text-editor\" data-id=\"436dd00\" data-element_type=\"widget\" data-widget_type=\"text-editor.default\">\n\t\t\t\t<div class=\"elementor-widget-container\">\n\t\t\t\t\t\t\t\t\t<h4><strong>General maintenance<\/strong><\/h4><p>Please vacuum your newly fitted carpet or rug frequently, some initial fibre loss or \u2018shedding\u2019 is normal but will not affect the appearance or performance, and soon stops with frequent vacuuming.<br \/>Please continue to vacuum regularly throughout the life of your floorcovering.  Vacuum carpets or rugs with the beater bar turned off, beater bars can be activated occasionally on velvets to lift flattened pile.<\/p><p>To lengthen life:<\/p><ul><li>Place barrier carpets by doors but clean them often<\/li><li>Use castor mats under all castor chairs<\/li><li>Add furniture cups under the legs of furniture<\/li><li>Lay non-slip underlay under all rugs and rotate rugs regularly to spread wear<\/li><\/ul><h4>Spills and stains<\/h4><p>Like most fabrics, carpets &amp; rugs, will stain from spills of everyday liquids like coffee or red wine. The key is to act quickly.<\/p><p><strong>Do<\/strong><\/p><ul><li>Pick up any solids using a spoon or blunt knife<\/li><li>Blot up liquid gently with plain, white, absorbent paper such as kitchen towel. Continue, changing paper regularly, until it comes back dry<\/li><li>Call a professional carpet cleaner if the stain remains.<\/li><\/ul><p><strong>Do NOT<\/strong><\/p><ul><li>Rub or scrub which can \u2018burst\u2019 the pile surface causing permanent damage<\/li><li>Add water<\/li><li>Use home steam cleaners<\/li><li>Use home cleaning chemicals which may set the stain, damage the pile, or leave a sticky residue prone to re-soiling<\/li><\/ul><h4>Professional cleaning<\/h4><p>When your carpet or rug needs stain removal or a deep clean, you should contact a carpet cleaning specialist.<br \/>For your guidance, professional cleaners should recommend a dry compound cleaning method, the floorcovering will be sprinkled with cleaning granules and allowed to dry before being vacuumed up. Professional cold water extraction cleaning is possible on stubborn stains however specialist knowledge is essential, and they should clean the entire carpet or rug. Wet extraction uses a specialist machine to spray the carpet with water and cleaning products whilst simultaneously vacuuming to remove stains and dislodge any stubborn debris.<br \/>Cleaning often takes place on site however they may recommend taking rugs off site to be cleaned. Please note we would not recommend rugs baths where the rug is fully submerged in water.<\/p><h4>\u00a0<\/h4><h4>Anti-stain treatments<\/h4><p>These won\u2019t make carpets invincible, prompt removal of spills is still key, but treatments should buy time and make stains easier for professionals to remove.  Stain treatments should always be applied by professionals with specialist knowledge of TENCEL\u2122.  Stain protection should be reapplied after every deep clean.<\/p>\t\t\t\t\t\t\t\t<\/div>\n\t\t\t\t<\/div>\n\t\t\t\t\t<\/div>\n\t\t<\/div>\n\t\t\t\t\t<\/div>\n\t\t<\/section>\n\t\t\t\t<\/div>","protected":false},"excerpt":{"rendered":"<p>Passion du Tapis Passion du Tapis est un cr\u00e9ateur de tapis design-contemporains r\u00e9alis\u00e9s en Inde. Passion du Tapis vous assure \u00e0 la fois un tr\u00e8s bon rapport qualit\u00e9 prix, un choix de pi\u00e8ces originales, des d\u00e9lais de fabrication et de livraison maitris\u00e9s, sans oublier un service apr\u00e8s-vente. En France, ilker est pr\u00e9sent pour vous proposer [&hellip;]<\/p>","protected":false},"author":1,"featured_media":5151,"parent":0,"menu_order":0,"comment_status":"closed","ping_status":"closed","template":"template-landing.php","meta":{"_acf_changed":false,"footnotes":""},"class_list":["post-3361","page","type-page","status-publish","has-post-thumbnail","hentry"],"acf":[],"aioseo_notices":[],"_links":{"self":[{"href":"https:\/\/www.passiondutapis.com\/en\/wp-json\/wp\/v2\/pages\/3361","targetHints":{"allow":["GET"]}}],"collection":[{"href":"https:\/\/www.passiondutapis.com\/en\/wp-json\/wp\/v2\/pages"}],"about":[{"href":"https:\/\/www.passiondutapis.com\/en\/wp-json\/wp\/v2\/types\/page"}],"author":[{"embeddable":true,"href":"https:\/\/www.passiondutapis.com\/en\/wp-json\/wp\/v2\/users\/1"}],"replies":[{"embeddable":true,"href":"https:\/\/www.passiondutapis.com\/en\/wp-json\/wp\/v2\/comments?post=3361"}],"version-history":[{"count":61,"href":"https:\/\/www.passiondutapis.com\/en\/wp-json\/wp\/v2\/pages\/3361\/revisions"}],"predecessor-version":[{"id":5892,"href":"https:\/\/www.passiondutapis.com\/en\/wp-json\/wp\/v2\/pages\/3361\/revisions\/5892"}],"wp:featuredmedia":[{"embeddable":true,"href":"https:\/\/www.passiondutapis.com\/en\/wp-json\/wp\/v2\/media\/5151"}],"wp:attachment":[{"href":"https:\/\/www.passiondutapis.com\/en\/wp-json\/wp\/v2\/media?parent=3361"}],"curies":[{"name":"wp","href":"https:\/\/api.w.org\/{rel}","templated":true}]}}