{"id":2380,"date":"2021-06-11T07:33:12","date_gmt":"2021-06-11T07:33:12","guid":{"rendered":"https:\/\/promo-theme.com\/novo\/?page_id=2380"},"modified":"2025-02-10T20:58:30","modified_gmt":"2025-02-10T19:58:30","slug":"tapis-fait-main-moderne","status":"publish","type":"page","link":"https:\/\/www.passiondutapis.com\/en\/tapis-fait-main-moderne\/","title":{"rendered":"Contact"},"content":{"rendered":"<div data-elementor-type=\"wp-page\" data-elementor-id=\"2380\" class=\"elementor elementor-2380\">\n\t\t\t\t\t\t<section class=\"elementor-section elementor-top-section elementor-element elementor-element-3a742310 elementor-section-full_width elementor-hidden-tablet elementor-hidden-mobile elementor-section-height-default elementor-section-height-default\" data-id=\"3a742310\" data-element_type=\"section\">\n\t\t\t\t\t\t<div class=\"elementor-container elementor-column-gap-no\">\n\t\t\t\t\t<div class=\"elementor-column elementor-col-100 elementor-top-column elementor-element elementor-element-17ceb8f\" data-id=\"17ceb8f\" data-element_type=\"column\">\n\t\t\t<div class=\"elementor-widget-wrap elementor-element-populated\">\n\t\t\t\t\t\t<div class=\"elementor-element elementor-element-4a4b304 elementor-widget elementor-widget-yprm_banner\" data-id=\"4a4b304\" data-element_type=\"widget\" data-widget_type=\"yprm_banner.default\">\n\t\t\t\t<div class=\"elementor-widget-container\">\n\t\t\t\t\t\t\t\t<div class=\"banner-wrapper banner-area banner-69e8acfe0170f\" style=\"--transition-speed: 2300ms;\" data-settings=\"{&quot;loop&quot;:true,&quot;speed&quot;:300,&quot;autoplay&quot;:{&quot;delay&quot;:3000,&quot;disableOnInteraction&quot;:false,&quot;pauseOnMouseEnter&quot;:true},&quot;arrows&quot;:true,&quot;dots&quot;:true,&quot;dots_position&quot;:&quot;left&quot;,&quot;animation&quot;:&quot;&quot;}\">\r\n\t\t\t\t\t\t\t\t\t\t\t\t\t\t\t\t\r\n\t\t\t\t<div class=\"banner banner-items banner-69e8acfe01719 fixed-height arrows-right-bottom pagination-left\" id=\"banner-69e8acfe0171a\">\r\n          <div class=\"swiper\">\r\n            <div class=\"swiper-wrapper\">\r\n                    <div class=\"item swiper-slide item-banner banner-item-69e8acfe01778 elementor-repeater-item-9799635 tar inherit\">\r\n        <div class=\"bg-image\" style=\"background-image: url(https:\/\/www.passiondutapis.com\/wp-content\/uploads\/2024\/12\/Tapis-fait-main-1-Copie.jpg)\"><\/div>\r\n                  \n    <div class=\"bg-overlay\">\n          <\/div>\n\n                            <div class=\"container\">\r\n          <div class=\"cell middle\">\r\n\t\t\t\t\t\t\t\t\t\t\t\t\t<div class=\"heading heading-decor\">\r\n\t\t\t\t\t\t\t\t\t\t\t\t\t\t\t\t<h3 class=\"h\">\r\n\t\t\t\t\t\t\t\t\t\t\t\t\t\t\t\t\t<\/h3>\r\n\t\t\t\t\t\t\t<\/div>\r\n\t\t\t\t\t\t\t\t\t\t\t\t\t\t\t\t\t    \t\t\t\t\t\t\t\t\t\t\t<\/div>\r\n\t\t\t\t<\/div>\r\n\t\t\t<\/div>\r\n\t\t            <\/div>\r\n          <\/div>\r\n          \r\n          <div class=\"owl-nav\"><div class=\"owl-prev basic-ui-icon-left-arrow\"><\/div><div class=\"owl-next basic-ui-icon-right-arrow\"><\/div><\/div>\r\n          <div class=\"owl-dots\"><\/div>          \r\n\t\t\t\t<\/div>\r\n\r\n\t\t\t<\/div>\r\n\t\t\t\t\t\t<\/div>\n\t\t\t\t<\/div>\n\t\t\t\t\t<\/div>\n\t\t<\/div>\n\t\t\t\t\t<\/div>\n\t\t<\/section>\n\t\t\t\t<section class=\"elementor-section elementor-top-section elementor-element elementor-element-d64dd5c elementor-section-full_width elementor-hidden-desktop elementor-section-height-default elementor-section-height-default\" data-id=\"d64dd5c\" data-element_type=\"section\">\n\t\t\t\t\t\t<div class=\"elementor-container elementor-column-gap-no\">\n\t\t\t\t\t<div class=\"elementor-column elementor-col-100 elementor-top-column elementor-element elementor-element-c46d313\" data-id=\"c46d313\" data-element_type=\"column\">\n\t\t\t<div class=\"elementor-widget-wrap elementor-element-populated\">\n\t\t\t\t\t\t<div class=\"elementor-element elementor-element-4f8bf04 elementor-widget elementor-widget-image\" data-id=\"4f8bf04\" data-element_type=\"widget\" data-widget_type=\"image.default\">\n\t\t\t\t<div class=\"elementor-widget-container\">\n\t\t\t\t\t\t\t\t\t\t\t\t\t\t\t<img fetchpriority=\"high\" decoding=\"async\" width=\"969\" height=\"561\" src=\"https:\/\/www.passiondutapis.com\/wp-content\/uploads\/2024\/12\/Tapis-fait-main-1-Copie-Copie.jpg\" class=\"attachment-large size-large wp-image-5371\" alt=\"\" srcset=\"https:\/\/www.passiondutapis.com\/wp-content\/uploads\/2024\/12\/Tapis-fait-main-1-Copie-Copie.jpg 969w, https:\/\/www.passiondutapis.com\/wp-content\/uploads\/2024\/12\/Tapis-fait-main-1-Copie-Copie-300x174.jpg 300w, https:\/\/www.passiondutapis.com\/wp-content\/uploads\/2024\/12\/Tapis-fait-main-1-Copie-Copie-768x445.jpg 768w, https:\/\/www.passiondutapis.com\/wp-content\/uploads\/2024\/12\/Tapis-fait-main-1-Copie-Copie-18x10.jpg 18w, https:\/\/www.passiondutapis.com\/wp-content\/uploads\/2024\/12\/Tapis-fait-main-1-Copie-Copie-70x41.jpg 70w, https:\/\/www.passiondutapis.com\/wp-content\/uploads\/2024\/12\/Tapis-fait-main-1-Copie-Copie-500x289.jpg 500w, https:\/\/www.passiondutapis.com\/wp-content\/uploads\/2024\/12\/Tapis-fait-main-1-Copie-Copie-700x405.jpg 700w\" sizes=\"(max-width: 969px) 100vw, 969px\" \/>\t\t\t\t\t\t\t\t\t\t\t\t\t\t\t<\/div>\n\t\t\t\t<\/div>\n\t\t\t\t\t<\/div>\n\t\t<\/div>\n\t\t\t\t\t<\/div>\n\t\t<\/section>\n\t\t<div class=\"elementor-element elementor-element-87d605c e-flex e-con-boxed e-con e-parent\" data-id=\"87d605c\" data-element_type=\"container\">\n\t\t\t\t\t<div class=\"e-con-inner\">\n\t\t<div class=\"elementor-element elementor-element-0a9036d e-con-full e-flex e-con e-child\" data-id=\"0a9036d\" data-element_type=\"container\">\n\t\t\t\t<div class=\"elementor-element elementor-element-0d8af2b elementor-widget elementor-widget-text-editor\" data-id=\"0d8af2b\" data-element_type=\"widget\" data-widget_type=\"text-editor.default\">\n\t\t\t\t<div class=\"elementor-widget-container\">\n\t\t\t\t\t\t\t\t\t<p style=\"text-align: center\"><strong>FRANCE<\/strong><\/p>\t\t\t\t\t\t\t\t<\/div>\n\t\t\t\t<\/div>\n\t\t\t\t<div class=\"elementor-element elementor-element-c39b73c elementor-widget elementor-widget-yprm_icon_box\" data-id=\"c39b73c\" data-element_type=\"widget\" data-settings=\"{&quot;cols_xs&quot;:1,&quot;cols_md&quot;:3}\" data-widget_type=\"yprm_icon_box.default\">\n\t\t\t\t<div class=\"elementor-widget-container\">\n\t\t\t\t\t\t\t\t<div class=\"icon-box-block icon-box-style4\">\r\n\t\t\t\t<div class=\"row\">\r\n\t\t\t\t\t\t\t\t<div class=\"col-12 col-md-4\">\r\n\t\t\t\t<div class=\"icon-box\">\r\n\t\t\t\t\t\t\t\t<div class=\"icon\">\r\n\t\t\t\t<i class=\"multimedia-icon multimedia-icon-placeholder multimedia\" aria-hidden=\"true\"><\/i>\t\t\t<\/div>\r\n\t\t                      <div class=\"ct\">\r\n                            \t\t\t<div class=\"desc\">4 Rue Rompi-Cuou<br \/>\n83230 Bormes les Mimosas FRANCE<br \/>\nMobile: +33(0)616597764<br \/>\nT\u00e9l\u00e9phone: +33(0)494718161<br \/>\nilkerpassiondutapis@gmail.com<\/div>\r\n\t\t            <\/div>\r\n                    \t\t\t\t<\/div>\r\n\t\t\t<\/div>\r\n\t\t\t\t\t\t<\/div>\r\n\t\t\t<\/div>\r\n\t\t\t\t\t\t<\/div>\n\t\t\t\t<\/div>\n\t\t\t\t<div class=\"elementor-element elementor-element-b4714fc elementor-widget elementor-widget-text-editor\" data-id=\"b4714fc\" data-element_type=\"widget\" data-widget_type=\"text-editor.default\">\n\t\t\t\t<div class=\"elementor-widget-container\">\n\t\t\t\t\t\t\t\t\t<p style=\"text-align: center\"><strong>INDIA<\/strong><\/p>\t\t\t\t\t\t\t\t<\/div>\n\t\t\t\t<\/div>\n\t\t\t\t<div class=\"elementor-element elementor-element-91d45a3 elementor-widget elementor-widget-yprm_icon_box\" data-id=\"91d45a3\" data-element_type=\"widget\" data-settings=\"{&quot;cols_xs&quot;:1,&quot;cols_md&quot;:3}\" data-widget_type=\"yprm_icon_box.default\">\n\t\t\t\t<div class=\"elementor-widget-container\">\n\t\t\t\t\t\t\t\t<div class=\"icon-box-block icon-box-style4\">\r\n\t\t\t\t<div class=\"row\">\r\n\t\t\t\t\t\t\t\t<div class=\"col-12 col-md-4\">\r\n\t\t\t\t<div class=\"icon-box\">\r\n\t\t\t\t\t\t\t\t<div class=\"icon\">\r\n\t\t\t\t<i class=\"multimedia-icon multimedia-icon-smartphone multimedia\" aria-hidden=\"true\"><\/i>\t\t\t<\/div>\r\n\t\t                      <div class=\"ct\">\r\n                            \t\t\t<div class=\"desc\">E-114 Sector 6 <br \/>\nNoida 201301, U.P INDIA<br \/>\nTel: +91 (0)120 4233052\/53\/57<br \/>\natulpassiondutapis@gmail.com<br \/>\n<\/div>\r\n\t\t            <\/div>\r\n                    \t\t\t\t<\/div>\r\n\t\t\t<\/div>\r\n\t\t\t\t\t\t<\/div>\r\n\t\t\t<\/div>\r\n\t\t\t\t\t\t<\/div>\n\t\t\t\t<\/div>\n\t\t\t\t<\/div>\n\t\t<div class=\"elementor-element elementor-element-aba7864 e-con-full e-flex e-con e-child\" data-id=\"aba7864\" data-element_type=\"container\">\n\t\t\t\t<div class=\"elementor-element elementor-element-a73df8e elementor-widget elementor-widget-yprm_heading\" data-id=\"a73df8e\" data-element_type=\"widget\" data-widget_type=\"yprm_heading.default\">\n\t\t\t\t<div class=\"elementor-widget-container\">\n\t\t\t\t\t\t\t\t<div class=\"heading-block tac\">\n\t\t\t\t                  <h3 class=\"h\">Contact us<\/h3>\n        \t\t\t<\/div>\n      \t\t\t\t\t\t<\/div>\n\t\t\t\t<\/div>\n\t\t\t\t<div class=\"elementor-element elementor-element-273a9df elementor-widget elementor-widget-shortcode\" data-id=\"273a9df\" data-element_type=\"widget\" data-widget_type=\"shortcode.default\">\n\t\t\t\t<div class=\"elementor-widget-container\">\n\t\t\t\t\t\t\t<div class=\"elementor-shortcode\">\n<div class=\"wpcf7 no-js\" id=\"wpcf7-f760-o1\" lang=\"en-US\" dir=\"ltr\" data-wpcf7-id=\"760\">\n<div class=\"screen-reader-response\"><p role=\"status\" aria-live=\"polite\" aria-atomic=\"true\"><\/p> <ul><\/ul><\/div>\n<form action=\"\/en\/wp-json\/wp\/v2\/pages\/2380#wpcf7-f760-o1\" method=\"post\" class=\"wpcf7-form init\" aria-label=\"Contact form\" novalidate=\"novalidate\" data-status=\"init\" data-trp-original-action=\"\/en\/wp-json\/wp\/v2\/pages\/2380#wpcf7-f760-o1\">\n<div style=\"display: none;\">\n<input type=\"hidden\" name=\"_wpcf7\" value=\"760\" \/>\n<input type=\"hidden\" name=\"_wpcf7_version\" value=\"6.0.2\" \/>\n<input type=\"hidden\" name=\"_wpcf7_locale\" value=\"en_US\" \/>\n<input type=\"hidden\" name=\"_wpcf7_unit_tag\" value=\"wpcf7-f760-o1\" \/>\n<input type=\"hidden\" name=\"_wpcf7_container_post\" value=\"0\" \/>\n<input type=\"hidden\" name=\"_wpcf7_posted_data_hash\" value=\"\" \/>\n<input type=\"hidden\" name=\"_wpcf7_recaptcha_response\" value=\"\" \/>\n<\/div>\n<div class=\"tac\" style=\"max-width: 350px; margin: 0 auto;\">\n<span class=\"wpcf7-form-control-wrap\" data-name=\"name-p\"><input size=\"40\" maxlength=\"400\" class=\"wpcf7-form-control wpcf7-text wpcf7-validates-as-required style3\" aria-required=\"true\" aria-invalid=\"false\" placeholder=\"Name\" value=\"\" type=\"text\" name=\"name-p\" \/><\/span>\n<span class=\"wpcf7-form-control-wrap\" data-name=\"email\"><input size=\"40\" maxlength=\"400\" class=\"wpcf7-form-control wpcf7-text wpcf7-validates-as-required style3\" aria-required=\"true\" aria-invalid=\"false\" placeholder=\"E-mail\" value=\"\" type=\"text\" name=\"email\" \/><\/span>\n<span class=\"wpcf7-form-control-wrap\" data-name=\"text\"><textarea cols=\"40\" rows=\"4\" maxlength=\"2000\" class=\"wpcf7-form-control wpcf7-textarea wpcf7-validates-as-required style3\" aria-required=\"true\" aria-invalid=\"false\" placeholder=\"Message\" name=\"text\"><\/textarea><\/span>\n<input class=\"wpcf7-form-control wpcf7-submit has-spinner button-style1\" type=\"submit\" value=\"Send\" \/>\n<\/div><div class=\"wpcf7-response-output\" aria-hidden=\"true\"><\/div>\n<input type=\"hidden\" name=\"trp-form-language\" value=\"en\"\/><\/form>\n<\/div>\n<\/div>\n\t\t\t\t\t\t<\/div>\n\t\t\t\t<\/div>\n\t\t\t\t<\/div>\n\t\t\t\t\t<\/div>\n\t\t\t\t<\/div>\n\t\t<div class=\"elementor-element elementor-element-4c1feaf e-flex e-con-boxed e-con e-parent\" data-id=\"4c1feaf\" data-element_type=\"container\">\n\t\t\t\t\t<div class=\"e-con-inner\">\n\t\t\t\t<div class=\"elementor-element elementor-element-cb1234c elementor-widget elementor-widget-spacer\" data-id=\"cb1234c\" data-element_type=\"widget\" data-widget_type=\"spacer.default\">\n\t\t\t\t<div class=\"elementor-widget-container\">\n\t\t\t\t\t\t\t<div class=\"elementor-spacer\">\n\t\t\t<div class=\"elementor-spacer-inner\"><\/div>\n\t\t<\/div>\n\t\t\t\t\t\t<\/div>\n\t\t\t\t<\/div>\n\t\t\t\t\t<\/div>\n\t\t\t\t<\/div>\n\t\t<div class=\"elementor-element elementor-element-7a81480 e-flex e-con-boxed e-con e-parent\" data-id=\"7a81480\" data-element_type=\"container\">\n\t\t\t\t\t<div class=\"e-con-inner\">\n\t\t<div class=\"elementor-element elementor-element-b8f99bc e-con-full e-flex e-con e-child\" data-id=\"b8f99bc\" data-element_type=\"container\">\n\t\t\t\t<div class=\"elementor-element elementor-element-786b39f elementor-widget elementor-widget-spacer\" data-id=\"786b39f\" data-element_type=\"widget\" data-widget_type=\"spacer.default\">\n\t\t\t\t<div class=\"elementor-widget-container\">\n\t\t\t\t\t\t\t<div class=\"elementor-spacer\">\n\t\t\t<div class=\"elementor-spacer-inner\"><\/div>\n\t\t<\/div>\n\t\t\t\t\t\t<\/div>\n\t\t\t\t<\/div>\n\t\t\t\t<div class=\"elementor-element elementor-element-007578b elementor-widget elementor-widget-image\" data-id=\"007578b\" data-element_type=\"widget\" data-widget_type=\"image.default\">\n\t\t\t\t<div class=\"elementor-widget-container\">\n\t\t\t\t\t\t\t\t\t\t\t\t\t\t\t<img decoding=\"async\" width=\"500\" height=\"318\" src=\"https:\/\/www.passiondutapis.com\/wp-content\/uploads\/2024\/12\/HAND-KNOTTED-CARPETS3.jpg\" class=\"attachment-large size-large wp-image-5099\" alt=\"\" srcset=\"https:\/\/www.passiondutapis.com\/wp-content\/uploads\/2024\/12\/HAND-KNOTTED-CARPETS3.jpg 500w, https:\/\/www.passiondutapis.com\/wp-content\/uploads\/2024\/12\/HAND-KNOTTED-CARPETS3-300x191.jpg 300w, https:\/\/www.passiondutapis.com\/wp-content\/uploads\/2024\/12\/HAND-KNOTTED-CARPETS3-18x12.jpg 18w, https:\/\/www.passiondutapis.com\/wp-content\/uploads\/2024\/12\/HAND-KNOTTED-CARPETS3-70x45.jpg 70w\" sizes=\"(max-width: 500px) 100vw, 500px\" \/>\t\t\t\t\t\t\t\t\t\t\t\t\t\t\t<\/div>\n\t\t\t\t<\/div>\n\t\t\t\t<div class=\"elementor-element elementor-element-5e71570 elementor-widget elementor-widget-spacer\" data-id=\"5e71570\" data-element_type=\"widget\" data-widget_type=\"spacer.default\">\n\t\t\t\t<div class=\"elementor-widget-container\">\n\t\t\t\t\t\t\t<div class=\"elementor-spacer\">\n\t\t\t<div class=\"elementor-spacer-inner\"><\/div>\n\t\t<\/div>\n\t\t\t\t\t\t<\/div>\n\t\t\t\t<\/div>\n\t\t\t\t<div class=\"elementor-element elementor-element-f486209 elementor-widget elementor-widget-image\" data-id=\"f486209\" data-element_type=\"widget\" data-widget_type=\"image.default\">\n\t\t\t\t<div class=\"elementor-widget-container\">\n\t\t\t\t\t\t\t\t\t\t\t\t\t\t\t<img decoding=\"async\" width=\"500\" height=\"318\" src=\"https:\/\/www.passiondutapis.com\/wp-content\/uploads\/2024\/12\/hand-knotted-carpet-1.jpg\" class=\"attachment-large size-large wp-image-5100\" alt=\"\" srcset=\"https:\/\/www.passiondutapis.com\/wp-content\/uploads\/2024\/12\/hand-knotted-carpet-1.jpg 500w, https:\/\/www.passiondutapis.com\/wp-content\/uploads\/2024\/12\/hand-knotted-carpet-1-300x191.jpg 300w, https:\/\/www.passiondutapis.com\/wp-content\/uploads\/2024\/12\/hand-knotted-carpet-1-18x12.jpg 18w, https:\/\/www.passiondutapis.com\/wp-content\/uploads\/2024\/12\/hand-knotted-carpet-1-70x45.jpg 70w\" sizes=\"(max-width: 500px) 100vw, 500px\" \/>\t\t\t\t\t\t\t\t\t\t\t\t\t\t\t<\/div>\n\t\t\t\t<\/div>\n\t\t\t\t<\/div>\n\t\t<div class=\"elementor-element elementor-element-788e817 e-con-full e-flex e-con e-child\" data-id=\"788e817\" data-element_type=\"container\">\n\t\t\t\t<div class=\"elementor-element elementor-element-9f5aba8 elementor-widget elementor-widget-text-editor\" data-id=\"9f5aba8\" data-element_type=\"widget\" data-widget_type=\"text-editor.default\">\n\t\t\t\t<div class=\"elementor-widget-container\">\n\t\t\t\t\t\t\t\t\t<p>The ancient art of carpet weaving is our inspiration for the creation of contemporary carpets.<\/p><p>Our company \u201cPASSION DU TAPIS\u201d, fruit of 30 years of experiment proposes today to make you discover and to share with you this noble knowledge.<\/p><p>In France, Ilker is present to offer you our collection and listen to your expectations. Atul, for its part, controls the manufacturing, finishing and shipping with his competent team.<\/p><p>Our carpets are made respecting both the tradition of weaving and the working conditions of our weavers. These values, this know-how allow us to offer you modern rugs of exceptional quality, both in terms of originality, creativity, choice of raw materials and finishes.<\/p>\t\t\t\t\t\t\t\t<\/div>\n\t\t\t\t<\/div>\n\t\t\t\t<\/div>\n\t\t<div class=\"elementor-element elementor-element-6eede95 e-con-full e-flex e-con e-child\" data-id=\"6eede95\" data-element_type=\"container\">\n\t\t\t\t<div class=\"elementor-element elementor-element-97a72fb elementor-widget elementor-widget-spacer\" data-id=\"97a72fb\" data-element_type=\"widget\" data-widget_type=\"spacer.default\">\n\t\t\t\t<div class=\"elementor-widget-container\">\n\t\t\t\t\t\t\t<div class=\"elementor-spacer\">\n\t\t\t<div class=\"elementor-spacer-inner\"><\/div>\n\t\t<\/div>\n\t\t\t\t\t\t<\/div>\n\t\t\t\t<\/div>\n\t\t\t\t<div class=\"elementor-element elementor-element-11326d8 elementor-widget elementor-widget-image\" data-id=\"11326d8\" data-element_type=\"widget\" data-widget_type=\"image.default\">\n\t\t\t\t<div class=\"elementor-widget-container\">\n\t\t\t\t\t\t\t\t\t\t\t\t\t\t\t<img loading=\"lazy\" decoding=\"async\" width=\"500\" height=\"318\" src=\"https:\/\/www.passiondutapis.com\/wp-content\/uploads\/2024\/12\/HANDSHEARING-1.jpg\" class=\"attachment-large size-large wp-image-5101\" alt=\"\" srcset=\"https:\/\/www.passiondutapis.com\/wp-content\/uploads\/2024\/12\/HANDSHEARING-1.jpg 500w, https:\/\/www.passiondutapis.com\/wp-content\/uploads\/2024\/12\/HANDSHEARING-1-300x191.jpg 300w, https:\/\/www.passiondutapis.com\/wp-content\/uploads\/2024\/12\/HANDSHEARING-1-18x12.jpg 18w, https:\/\/www.passiondutapis.com\/wp-content\/uploads\/2024\/12\/HANDSHEARING-1-70x45.jpg 70w\" sizes=\"(max-width: 500px) 100vw, 500px\" \/>\t\t\t\t\t\t\t\t\t\t\t\t\t\t\t<\/div>\n\t\t\t\t<\/div>\n\t\t\t\t<div class=\"elementor-element elementor-element-5901ffb elementor-widget elementor-widget-spacer\" data-id=\"5901ffb\" data-element_type=\"widget\" data-widget_type=\"spacer.default\">\n\t\t\t\t<div class=\"elementor-widget-container\">\n\t\t\t\t\t\t\t<div class=\"elementor-spacer\">\n\t\t\t<div class=\"elementor-spacer-inner\"><\/div>\n\t\t<\/div>\n\t\t\t\t\t\t<\/div>\n\t\t\t\t<\/div>\n\t\t\t\t<div class=\"elementor-element elementor-element-84f045e elementor-widget elementor-widget-image\" data-id=\"84f045e\" data-element_type=\"widget\" data-widget_type=\"image.default\">\n\t\t\t\t<div class=\"elementor-widget-container\">\n\t\t\t\t\t\t\t\t\t\t\t\t\t\t\t<img loading=\"lazy\" decoding=\"async\" width=\"500\" height=\"318\" src=\"https:\/\/www.passiondutapis.com\/wp-content\/uploads\/2024\/12\/hand-tufted-carpet-1.jpg\" class=\"attachment-large size-large wp-image-5102\" alt=\"\" srcset=\"https:\/\/www.passiondutapis.com\/wp-content\/uploads\/2024\/12\/hand-tufted-carpet-1.jpg 500w, https:\/\/www.passiondutapis.com\/wp-content\/uploads\/2024\/12\/hand-tufted-carpet-1-300x191.jpg 300w, https:\/\/www.passiondutapis.com\/wp-content\/uploads\/2024\/12\/hand-tufted-carpet-1-18x12.jpg 18w, https:\/\/www.passiondutapis.com\/wp-content\/uploads\/2024\/12\/hand-tufted-carpet-1-70x45.jpg 70w\" sizes=\"(max-width: 500px) 100vw, 500px\" \/>\t\t\t\t\t\t\t\t\t\t\t\t\t\t\t<\/div>\n\t\t\t\t<\/div>\n\t\t\t\t<\/div>\n\t\t\t\t\t<\/div>\n\t\t\t\t<\/div>\n\t\t<div class=\"elementor-element elementor-element-e64c325 e-flex e-con-boxed e-con e-parent\" data-id=\"e64c325\" data-element_type=\"container\">\n\t\t\t\t\t<div class=\"e-con-inner\">\n\t\t\t\t<div class=\"elementor-element elementor-element-d3e8f95 elementor-widget elementor-widget-spacer\" data-id=\"d3e8f95\" data-element_type=\"widget\" data-widget_type=\"spacer.default\">\n\t\t\t\t<div class=\"elementor-widget-container\">\n\t\t\t\t\t\t\t<div class=\"elementor-spacer\">\n\t\t\t<div class=\"elementor-spacer-inner\"><\/div>\n\t\t<\/div>\n\t\t\t\t\t\t<\/div>\n\t\t\t\t<\/div>\n\t\t\t\t\t<\/div>\n\t\t\t\t<\/div>\n\t\t\t\t<\/div>","protected":false},"excerpt":{"rendered":"<p>FRANCE 4 Rue Rompi-Cuou 83230 Bormes les Mimosas FRANCE Mobile: +33(0)616597764 T\u00e9l\u00e9phone: +33(0)494718161 ilkerpassiondutapis@gmail.com INDE E-114 Sector 6 Noida 201301, U.P INDIA Tel: +91 (0)120 4233052\/53\/57 atulpassiondutapis@gmail.com Ecrivez-nous L\u2019art ancestral du tissage de tapis est notre inspiration pour la cr\u00e9ation des tapis contemporains. Notre soci\u00e9t\u00e9 \u201cPassion du Tapis\u201d, fruit de 30 ans d\u2019exp\u00e9rience se propose [&hellip;]<\/p>","protected":false},"author":1,"featured_media":5151,"parent":0,"menu_order":0,"comment_status":"closed","ping_status":"closed","template":"template-landing.php","meta":{"_acf_changed":false,"footnotes":""},"class_list":["post-2380","page","type-page","status-publish","has-post-thumbnail","hentry"],"acf":[],"aioseo_notices":[],"_links":{"self":[{"href":"https:\/\/www.passiondutapis.com\/en\/wp-json\/wp\/v2\/pages\/2380","targetHints":{"allow":["GET"]}}],"collection":[{"href":"https:\/\/www.passiondutapis.com\/en\/wp-json\/wp\/v2\/pages"}],"about":[{"href":"https:\/\/www.passiondutapis.com\/en\/wp-json\/wp\/v2\/types\/page"}],"author":[{"embeddable":true,"href":"https:\/\/www.passiondutapis.com\/en\/wp-json\/wp\/v2\/users\/1"}],"replies":[{"embeddable":true,"href":"https:\/\/www.passiondutapis.com\/en\/wp-json\/wp\/v2\/comments?post=2380"}],"version-history":[{"count":167,"href":"https:\/\/www.passiondutapis.com\/en\/wp-json\/wp\/v2\/pages\/2380\/revisions"}],"predecessor-version":[{"id":5374,"href":"https:\/\/www.passiondutapis.com\/en\/wp-json\/wp\/v2\/pages\/2380\/revisions\/5374"}],"wp:featuredmedia":[{"embeddable":true,"href":"https:\/\/www.passiondutapis.com\/en\/wp-json\/wp\/v2\/media\/5151"}],"wp:attachment":[{"href":"https:\/\/www.passiondutapis.com\/en\/wp-json\/wp\/v2\/media?parent=2380"}],"curies":[{"name":"wp","href":"https:\/\/api.w.org\/{rel}","templated":true}]}}